{"id":426,"date":"2023-07-18T12:42:14","date_gmt":"2023-07-18T12:42:14","guid":{"rendered":"https:\/\/www.heiko-poke.com\/?page_id=426"},"modified":"2024-01-09T11:17:30","modified_gmt":"2024-01-09T11:17:30","slug":"je-commande","status":"publish","type":"page","link":"https:\/\/www.heiko-poke.com\/en\/je-commande\/","title":{"rendered":"I order"},"content":{"rendered":"<div data-elementor-type=\"wp-page\" data-elementor-id=\"426\" class=\"elementor elementor-426\" data-elementor-post-type=\"page\">\n\t\t\t\t\t\t<section class=\"elementor-section elementor-top-section elementor-element elementor-element-b31848d elementor-section-stretched opacity elementor-section-content-middle elementor-section-height-full elementor-section-boxed elementor-section-height-default elementor-section-items-middle\" data-id=\"b31848d\" data-element_type=\"section\" data-e-type=\"section\" data-settings=\"{&quot;stretch_section&quot;:&quot;section-stretched&quot;,&quot;background_background&quot;:&quot;classic&quot;}\">\n\t\t\t\t\t\t<div class=\"elementor-container elementor-column-gap-default\">\n\t\t\t\t\t<div class=\"elementor-column elementor-col-100 elementor-top-column elementor-element elementor-element-1334081\" data-id=\"1334081\" data-element_type=\"column\" data-e-type=\"column\" data-settings=\"{&quot;background_background&quot;:&quot;classic&quot;}\">\n\t\t\t<div class=\"elementor-widget-wrap elementor-element-populated\">\n\t\t\t\t\t\t<div class=\"elementor-element elementor-element-c28e568 elementor-widget__width-initial elementor-absolute elementor-widget-tablet__width-initial elementor-hidden-mobile elementor-widget elementor-widget-image\" data-id=\"c28e568\" data-element_type=\"widget\" data-e-type=\"widget\" data-settings=\"{&quot;_position&quot;:&quot;absolute&quot;}\" data-widget_type=\"image.default\">\n\t\t\t\t<div class=\"elementor-widget-container\">\n\t\t\t\t\t\t\t\t\t\t\t\t\t\t\t<img fetchpriority=\"high\" decoding=\"async\" width=\"741\" height=\"390\" src=\"https:\/\/www.heiko-poke.com\/wp-content\/uploads\/2023\/07\/eclats_turquoise_2.svg\" class=\"attachment-full size-full wp-image-560\" alt=\"\" \/>\t\t\t\t\t\t\t\t\t\t\t\t\t\t\t<\/div>\n\t\t\t\t<\/div>\n\t\t\t\t<div class=\"elementor-element elementor-element-24bd9e7 elementor-widget__width-initial elementor-absolute elementor-widget-tablet__width-initial elementor-widget elementor-widget-image\" data-id=\"24bd9e7\" data-element_type=\"widget\" data-e-type=\"widget\" data-settings=\"{&quot;_position&quot;:&quot;absolute&quot;}\" data-widget_type=\"image.default\">\n\t\t\t\t<div class=\"elementor-widget-container\">\n\t\t\t\t\t\t\t\t\t\t\t\t\t\t\t<img decoding=\"async\" width=\"850\" height=\"850\" src=\"https:\/\/www.heiko-poke.com\/wp-content\/uploads\/2023\/07\/oiseaux.svg\" class=\"attachment-full size-full wp-image-570\" alt=\"\" \/>\t\t\t\t\t\t\t\t\t\t\t\t\t\t\t<\/div>\n\t\t\t\t<\/div>\n\t\t\t\t<div class=\"elementor-element elementor-element-abbf7f7 elementor-widget elementor-widget-heading\" data-id=\"abbf7f7\" data-element_type=\"widget\" data-e-type=\"widget\" data-widget_type=\"heading.default\">\n\t\t\t\t<div class=\"elementor-widget-container\">\n\t\t\t\t\t<span class=\"elementor-heading-title elementor-size-default\">Choose<\/span>\t\t\t\t<\/div>\n\t\t\t\t<\/div>\n\t\t\t\t<div class=\"elementor-element elementor-element-dc30ed9 elementor-widget elementor-widget-heading\" data-id=\"dc30ed9\" data-element_type=\"widget\" data-e-type=\"widget\" data-widget_type=\"heading.default\">\n\t\t\t\t<div class=\"elementor-widget-container\">\n\t\t\t\t\t<span class=\"elementor-heading-title elementor-size-default\">your restaurant<\/span>\t\t\t\t<\/div>\n\t\t\t\t<\/div>\n\t\t\t\t<div class=\"elementor-element elementor-element-ed0d17e elementor-widget elementor-widget-text-editor\" data-id=\"ed0d17e\" data-element_type=\"widget\" data-e-type=\"widget\" data-widget_type=\"text-editor.default\">\n\t\t\t\t<div class=\"elementor-widget-container\">\n\t\t\t\t\t\t\t\t\t\n<p>Find the Heiko restaurant nearest you!<\/p>\n\t\t\t\t\t\t\t\t<\/div>\n\t\t\t\t<\/div>\n\t\t\t\t<div class=\"elementor-element elementor-element-4dc45e3 elementor-widget elementor-widget-text-editor\" data-id=\"4dc45e3\" data-element_type=\"widget\" data-e-type=\"widget\" data-widget_type=\"text-editor.default\">\n\t\t\t\t<div class=\"elementor-widget-container\">\n\t\t\t\t\t\t\t\t\t<form action=\"https:\/\/www.heiko-poke.com\/en\/les-restaurants-heiko-autour-de-moi\/\" method=\"get\" data-trp-original-action=\"https:\/\/www.heiko-poke.com\/les-restaurants-heiko-autour-de-moi\/\"><input id=\"ssfboxsearch\" class=\"form-control\" name=\"boxsearch\" type=\"text\" placeholder=\"Enter your address or zip code\" \/> <button class=\"btn btn-default\" type=\"submit\">Go<\/button><input type=\"hidden\" name=\"trp-form-language\" value=\"en\"\/><\/form>\t\t\t\t\t\t\t\t<\/div>\n\t\t\t\t<\/div>\n\t\t\t\t\t<\/div>\n\t\t<\/div>\n\t\t\t\t\t<\/div>\n\t\t<\/section>\n\t\t\t\t<\/div>","protected":false},"excerpt":{"rendered":"<p>Choisis ton restaurant Trouve le restaurant Heiko le plus proche de toi ! Go<\/p>","protected":false},"author":1,"featured_media":0,"parent":0,"menu_order":0,"comment_status":"closed","ping_status":"closed","template":"elementor_header_footer","meta":{"footnotes":"","_links_to":"","_links_to_target":""},"class_list":["post-426","page","type-page","status-publish","hentry"],"yoast_head":"<!-- This site is optimized with the Yoast SEO plugin v27.4 - https:\/\/yoast.com\/product\/yoast-seo-wordpress\/ -->\n<title>Je commande mon pok\u00e9 bowl en livraison et \u00e0 emporter<\/title>\n<meta name=\"description\" content=\"Commande ton pok\u00e9 dans un des meilleurs restaurants de ton quartier\" \/>\n<meta name=\"robots\" content=\"index, follow, max-snippet:-1, max-image-preview:large, max-video-preview:-1\" \/>\n<link rel=\"canonical\" href=\"https:\/\/www.heiko-poke.com\/en\/je-commande\/\" \/>\n<meta property=\"og:locale\" content=\"en_US\" \/>\n<meta property=\"og:type\" content=\"article\" \/>\n<meta property=\"og:title\" content=\"Je commande mon pok\u00e9 bowl en livraison et \u00e0 emporter\" \/>\n<meta property=\"og:description\" content=\"Commande ton pok\u00e9 dans un des meilleurs restaurants de ton quartier\" \/>\n<meta property=\"og:url\" content=\"https:\/\/www.heiko-poke.com\/en\/je-commande\/\" \/>\n<meta property=\"og:site_name\" content=\"Heiko\" \/>\n<meta property=\"article:publisher\" content=\"https:\/\/www.facebook.com\/heiko.france\/\" \/>\n<meta property=\"article:modified_time\" content=\"2024-01-09T11:17:30+00:00\" \/>\n<meta property=\"og:image\" content=\"https:\/\/www.heiko-poke.com\/wp-content\/uploads\/2023\/07\/eclats_turquoise_2.svg\" \/>\n<meta name=\"twitter:card\" content=\"summary_large_image\" \/>\n<meta name=\"twitter:label1\" content=\"Est. reading time\" \/>\n\t<meta name=\"twitter:data1\" content=\"1 minute\" \/>\n<script type=\"application\/ld+json\" class=\"yoast-schema-graph\">{\"@context\":\"https:\\\/\\\/schema.org\",\"@graph\":[{\"@type\":\"WebPage\",\"@id\":\"https:\\\/\\\/www.heiko-poke.com\\\/je-commande\\\/\",\"url\":\"https:\\\/\\\/www.heiko-poke.com\\\/je-commande\\\/\",\"name\":\"Je commande mon pok\u00e9 bowl en livraison et \u00e0 emporter\",\"isPartOf\":{\"@id\":\"https:\\\/\\\/www.heiko-poke.com\\\/#website\"},\"primaryImageOfPage\":{\"@id\":\"https:\\\/\\\/www.heiko-poke.com\\\/je-commande\\\/#primaryimage\"},\"image\":{\"@id\":\"https:\\\/\\\/www.heiko-poke.com\\\/je-commande\\\/#primaryimage\"},\"thumbnailUrl\":\"https:\\\/\\\/www.heiko-poke.com\\\/wp-content\\\/uploads\\\/2023\\\/07\\\/eclats_turquoise_2.svg\",\"datePublished\":\"2023-07-18T12:42:14+00:00\",\"dateModified\":\"2024-01-09T11:17:30+00:00\",\"description\":\"Commande ton pok\u00e9 dans un des meilleurs restaurants de ton quartier\",\"breadcrumb\":{\"@id\":\"https:\\\/\\\/www.heiko-poke.com\\\/je-commande\\\/#breadcrumb\"},\"inLanguage\":\"en-US\",\"potentialAction\":[{\"@type\":\"ReadAction\",\"target\":[\"https:\\\/\\\/www.heiko-poke.com\\\/je-commande\\\/\"]}]},{\"@type\":\"ImageObject\",\"inLanguage\":\"en-US\",\"@id\":\"https:\\\/\\\/www.heiko-poke.com\\\/je-commande\\\/#primaryimage\",\"url\":\"https:\\\/\\\/www.heiko-poke.com\\\/wp-content\\\/uploads\\\/2023\\\/07\\\/eclats_turquoise_2.svg\",\"contentUrl\":\"https:\\\/\\\/www.heiko-poke.com\\\/wp-content\\\/uploads\\\/2023\\\/07\\\/eclats_turquoise_2.svg\"},{\"@type\":\"BreadcrumbList\",\"@id\":\"https:\\\/\\\/www.heiko-poke.com\\\/je-commande\\\/#breadcrumb\",\"itemListElement\":[{\"@type\":\"ListItem\",\"position\":1,\"name\":\"Accueil\",\"item\":\"https:\\\/\\\/www.heiko-poke.com\\\/\"},{\"@type\":\"ListItem\",\"position\":2,\"name\":\"Je commande\"}]},{\"@type\":\"WebSite\",\"@id\":\"https:\\\/\\\/www.heiko-poke.com\\\/#website\",\"url\":\"https:\\\/\\\/www.heiko-poke.com\\\/\",\"name\":\"Heiko\",\"description\":\"Pok\u00e9s bowls de qualit\u00e9 - un nouveau voyage culinaire\",\"publisher\":{\"@id\":\"https:\\\/\\\/www.heiko-poke.com\\\/#organization\"},\"potentialAction\":[{\"@type\":\"SearchAction\",\"target\":{\"@type\":\"EntryPoint\",\"urlTemplate\":\"https:\\\/\\\/www.heiko-poke.com\\\/?s={search_term_string}\"},\"query-input\":{\"@type\":\"PropertyValueSpecification\",\"valueRequired\":true,\"valueName\":\"search_term_string\"}}],\"inLanguage\":\"en-US\"},{\"@type\":\"Organization\",\"@id\":\"https:\\\/\\\/www.heiko-poke.com\\\/#organization\",\"name\":\"Heiko\",\"url\":\"https:\\\/\\\/www.heiko-poke.com\\\/\",\"logo\":{\"@type\":\"ImageObject\",\"inLanguage\":\"en-US\",\"@id\":\"https:\\\/\\\/www.heiko-poke.com\\\/#\\\/schema\\\/logo\\\/image\\\/\",\"url\":\"https:\\\/\\\/www.heiko-poke.com\\\/wp-content\\\/uploads\\\/2023\\\/01\\\/Heiko-Logo-Jaune.png\",\"contentUrl\":\"https:\\\/\\\/www.heiko-poke.com\\\/wp-content\\\/uploads\\\/2023\\\/01\\\/Heiko-Logo-Jaune.png\",\"width\":6373,\"height\":2374,\"caption\":\"Heiko\"},\"image\":{\"@id\":\"https:\\\/\\\/www.heiko-poke.com\\\/#\\\/schema\\\/logo\\\/image\\\/\"},\"sameAs\":[\"https:\\\/\\\/www.facebook.com\\\/heiko.france\\\/\",\"https:\\\/\\\/www.instagram.com\\\/heiko.france\\\/?hl=fr\",\"https:\\\/\\\/www.linkedin.com\\\/company\\\/heikopokebowl\\\/?originalSubdomain=fr\"]}]}<\/script>\n<!-- \/ Yoast SEO plugin. -->","yoast_head_json":{"title":"Je commande mon pok\u00e9 bowl en livraison et \u00e0 emporter","description":"Commande ton pok\u00e9 dans un des meilleurs restaurants de ton quartier","robots":{"index":"index","follow":"follow","max-snippet":"max-snippet:-1","max-image-preview":"max-image-preview:large","max-video-preview":"max-video-preview:-1"},"canonical":"https:\/\/www.heiko-poke.com\/en\/je-commande\/","og_locale":"en_US","og_type":"article","og_title":"Je commande mon pok\u00e9 bowl en livraison et \u00e0 emporter","og_description":"Commande ton pok\u00e9 dans un des meilleurs restaurants de ton quartier","og_url":"https:\/\/www.heiko-poke.com\/en\/je-commande\/","og_site_name":"Heiko","article_publisher":"https:\/\/www.facebook.com\/heiko.france\/","article_modified_time":"2024-01-09T11:17:30+00:00","og_image":[{"url":"https:\/\/www.heiko-poke.com\/wp-content\/uploads\/2023\/07\/eclats_turquoise_2.svg","type":"","width":"","height":""}],"twitter_card":"summary_large_image","twitter_misc":{"Est. reading time":"1 minute"},"schema":{"@context":"https:\/\/schema.org","@graph":[{"@type":"WebPage","@id":"https:\/\/www.heiko-poke.com\/je-commande\/","url":"https:\/\/www.heiko-poke.com\/je-commande\/","name":"Je commande mon pok\u00e9 bowl en livraison et \u00e0 emporter","isPartOf":{"@id":"https:\/\/www.heiko-poke.com\/#website"},"primaryImageOfPage":{"@id":"https:\/\/www.heiko-poke.com\/je-commande\/#primaryimage"},"image":{"@id":"https:\/\/www.heiko-poke.com\/je-commande\/#primaryimage"},"thumbnailUrl":"https:\/\/www.heiko-poke.com\/wp-content\/uploads\/2023\/07\/eclats_turquoise_2.svg","datePublished":"2023-07-18T12:42:14+00:00","dateModified":"2024-01-09T11:17:30+00:00","description":"Commande ton pok\u00e9 dans un des meilleurs restaurants de ton quartier","breadcrumb":{"@id":"https:\/\/www.heiko-poke.com\/je-commande\/#breadcrumb"},"inLanguage":"en-US","potentialAction":[{"@type":"ReadAction","target":["https:\/\/www.heiko-poke.com\/je-commande\/"]}]},{"@type":"ImageObject","inLanguage":"en-US","@id":"https:\/\/www.heiko-poke.com\/je-commande\/#primaryimage","url":"https:\/\/www.heiko-poke.com\/wp-content\/uploads\/2023\/07\/eclats_turquoise_2.svg","contentUrl":"https:\/\/www.heiko-poke.com\/wp-content\/uploads\/2023\/07\/eclats_turquoise_2.svg"},{"@type":"BreadcrumbList","@id":"https:\/\/www.heiko-poke.com\/je-commande\/#breadcrumb","itemListElement":[{"@type":"ListItem","position":1,"name":"Accueil","item":"https:\/\/www.heiko-poke.com\/"},{"@type":"ListItem","position":2,"name":"Je commande"}]},{"@type":"WebSite","@id":"https:\/\/www.heiko-poke.com\/#website","url":"https:\/\/www.heiko-poke.com\/","name":"Heiko","description":"Quality pok\u00e9s bowls - a new culinary journey","publisher":{"@id":"https:\/\/www.heiko-poke.com\/#organization"},"potentialAction":[{"@type":"SearchAction","target":{"@type":"EntryPoint","urlTemplate":"https:\/\/www.heiko-poke.com\/?s={search_term_string}"},"query-input":{"@type":"PropertyValueSpecification","valueRequired":true,"valueName":"search_term_string"}}],"inLanguage":"en-US"},{"@type":"Organization","@id":"https:\/\/www.heiko-poke.com\/#organization","name":"Heiko","url":"https:\/\/www.heiko-poke.com\/","logo":{"@type":"ImageObject","inLanguage":"en-US","@id":"https:\/\/www.heiko-poke.com\/#\/schema\/logo\/image\/","url":"https:\/\/www.heiko-poke.com\/wp-content\/uploads\/2023\/01\/Heiko-Logo-Jaune.png","contentUrl":"https:\/\/www.heiko-poke.com\/wp-content\/uploads\/2023\/01\/Heiko-Logo-Jaune.png","width":6373,"height":2374,"caption":"Heiko"},"image":{"@id":"https:\/\/www.heiko-poke.com\/#\/schema\/logo\/image\/"},"sameAs":["https:\/\/www.facebook.com\/heiko.france\/","https:\/\/www.instagram.com\/heiko.france\/?hl=fr","https:\/\/www.linkedin.com\/company\/heikopokebowl\/?originalSubdomain=fr"]}]}},"_links":{"self":[{"href":"https:\/\/www.heiko-poke.com\/en\/wp-json\/wp\/v2\/pages\/426","targetHints":{"allow":["GET"]}}],"collection":[{"href":"https:\/\/www.heiko-poke.com\/en\/wp-json\/wp\/v2\/pages"}],"about":[{"href":"https:\/\/www.heiko-poke.com\/en\/wp-json\/wp\/v2\/types\/page"}],"author":[{"embeddable":true,"href":"https:\/\/www.heiko-poke.com\/en\/wp-json\/wp\/v2\/users\/1"}],"replies":[{"embeddable":true,"href":"https:\/\/www.heiko-poke.com\/en\/wp-json\/wp\/v2\/comments?post=426"}],"version-history":[{"count":5,"href":"https:\/\/www.heiko-poke.com\/en\/wp-json\/wp\/v2\/pages\/426\/revisions"}],"predecessor-version":[{"id":6083,"href":"https:\/\/www.heiko-poke.com\/en\/wp-json\/wp\/v2\/pages\/426\/revisions\/6083"}],"wp:attachment":[{"href":"https:\/\/www.heiko-poke.com\/en\/wp-json\/wp\/v2\/media?parent=426"}],"curies":[{"name":"wp","href":"https:\/\/api.w.org\/{rel}","templated":true}]}}