{"id":678,"date":"2023-07-20T08:58:41","date_gmt":"2023-07-20T08:58:41","guid":{"rendered":"https:\/\/www.heiko-poke.com\/?page_id=678"},"modified":"2025-03-27T11:10:34","modified_gmt":"2025-03-27T10:10:34","slug":"mentions-legales","status":"publish","type":"page","link":"https:\/\/www.heiko-poke.com\/en\/mentions-legales\/","title":{"rendered":"Terms of use"},"content":{"rendered":"<div data-elementor-type=\"wp-page\" data-elementor-id=\"678\" class=\"elementor elementor-678\" data-elementor-post-type=\"page\">\n\t\t\t\t\t\t<section class=\"elementor-section elementor-top-section elementor-element elementor-element-f549a28 elementor-section-stretched elementor-section-content-middle elementor-reverse-tablet elementor-reverse-mobile elementor-section-boxed elementor-section-height-default elementor-section-height-default\" data-id=\"f549a28\" data-element_type=\"section\" data-e-type=\"section\" data-settings=\"{&quot;stretch_section&quot;:&quot;section-stretched&quot;}\">\n\t\t\t\t\t\t<div class=\"elementor-container elementor-column-gap-wider\">\n\t\t\t\t\t<div class=\"elementor-column elementor-col-50 elementor-top-column elementor-element elementor-element-102403a\" data-id=\"102403a\" data-element_type=\"column\" data-e-type=\"column\" data-settings=\"{&quot;background_background&quot;:&quot;classic&quot;}\">\n\t\t\t<div class=\"elementor-widget-wrap elementor-element-populated\">\n\t\t\t\t\t\t\t<\/div>\n\t\t<\/div>\n\t\t\t\t<div class=\"elementor-column elementor-col-50 elementor-top-column elementor-element elementor-element-15c4208\" data-id=\"15c4208\" data-element_type=\"column\" data-e-type=\"column\">\n\t\t\t<div class=\"elementor-widget-wrap elementor-element-populated\">\n\t\t\t\t\t\t<div class=\"elementor-element elementor-element-60c3490 elementor-absolute elementor-hidden-tablet elementor-hidden-mobile elementor-widget elementor-widget-image\" data-id=\"60c3490\" data-element_type=\"widget\" data-e-type=\"widget\" data-settings=\"{&quot;_position&quot;:&quot;absolute&quot;}\" data-widget_type=\"image.default\">\n\t\t\t\t<div class=\"elementor-widget-container\">\n\t\t\t\t\t\t\t\t\t\t\t\t\t\t\t<img fetchpriority=\"high\" decoding=\"async\" width=\"500\" height=\"593\" src=\"https:\/\/www.heiko-poke.com\/wp-content\/uploads\/2023\/07\/toucan_branche_flat.png\" class=\"attachment-full size-full wp-image-432\" alt=\"\" srcset=\"https:\/\/www.heiko-poke.com\/wp-content\/uploads\/2023\/07\/toucan_branche_flat.png 500w, https:\/\/www.heiko-poke.com\/wp-content\/uploads\/2023\/07\/toucan_branche_flat-253x300.png 253w\" sizes=\"(max-width: 500px) 100vw, 500px\" \/>\t\t\t\t\t\t\t\t\t\t\t\t\t\t\t<\/div>\n\t\t\t\t<\/div>\n\t\t\t\t<div class=\"elementor-element elementor-element-8074e3e elementor-widget__width-initial elementor-absolute elementor-widget elementor-widget-image\" data-id=\"8074e3e\" data-element_type=\"widget\" data-e-type=\"widget\" data-settings=\"{&quot;_position&quot;:&quot;absolute&quot;}\" data-widget_type=\"image.default\">\n\t\t\t\t<div class=\"elementor-widget-container\">\n\t\t\t\t\t\t\t\t\t\t\t\t\t\t\t<img decoding=\"async\" width=\"465\" height=\"809\" src=\"https:\/\/www.heiko-poke.com\/wp-content\/uploads\/2023\/07\/palm_2.svg\" class=\"attachment-full size-full wp-image-572\" alt=\"\" \/>\t\t\t\t\t\t\t\t\t\t\t\t\t\t\t<\/div>\n\t\t\t\t<\/div>\n\t\t\t\t<div class=\"elementor-element elementor-element-a985fbc elementor-hidden-tablet elementor-hidden-mobile elementor-widget elementor-widget-image\" data-id=\"a985fbc\" data-element_type=\"widget\" data-e-type=\"widget\" data-widget_type=\"image.default\">\n\t\t\t\t<div class=\"elementor-widget-container\">\n\t\t\t\t\t\t\t\t\t\t\t\t\t\t\t<img decoding=\"async\" src=\"https:\/\/www.heiko-poke.com\/wp-content\/uploads\/elementor\/thumbs\/heiko-restaurant-poke-sushis-burrito-qfe3tgao5g4wd6v6ouomsg9iamzwfox41f3we2wigg.jpg\" title=\"heiko-restaurant-poke-sushis-burrito\" alt=\"heiko-restaurant-poke-sushis-burrito\" loading=\"lazy\" \/>\t\t\t\t\t\t\t\t\t\t\t\t\t\t\t<\/div>\n\t\t\t\t<\/div>\n\t\t\t\t\t<\/div>\n\t\t<\/div>\n\t\t\t\t\t<\/div>\n\t\t<\/section>\n\t\t<div class=\"elementor-element elementor-element-e1201da e-flex e-con-boxed e-con e-parent\" data-id=\"e1201da\" data-element_type=\"container\" data-e-type=\"container\">\n\t\t\t\t\t<div class=\"e-con-inner\">\n\t\t\t\t<div class=\"elementor-element elementor-element-e2b1877 elementor-widget elementor-widget-text-editor\" data-id=\"e2b1877\" data-element_type=\"widget\" data-e-type=\"widget\" data-widget_type=\"text-editor.default\">\n\t\t\t\t<div class=\"elementor-widget-container\">\n\t\t\t\t\t\t\t\t\t<p>Pursuant to Article 6 of Law No. 2004-575 of June 21, 2004 on confidence in the digital economy, users of the site are informed that\u00a0<a href=\"https:\/\/www.heiko-poke.com\/en\/\">heiko-poke.com<\/a>\u00a0the identity of the various parties involved in its implementation and follow-up:<\/p><p><strong>Website edited by<\/strong> SODEV (89274118200026) 15 rue Lafaurie Monbadon 33000 Bordeaux<\/p><p><strong>Development agency<\/strong> :\u00a0<a href=\"https:\/\/maxgourmelen.com\/\" target=\"_blank\" rel=\"noopener\">Maxime Gourmelen - Cardinal agency<\/a><\/p><p><strong>Responsible for publication : <\/strong>Ugo Truxler - <a href=\"mailto:hello@heiko-poke.com\">hello@heiko-poke.com<\/a><\/p><p><strong>Webmaster<\/strong> Internet service of SODEV or Cardinal agency<\/p><p><strong>Host<\/strong>\u00a0O2Switch, 222-224 Boulevard Gustave Flaubert 63000 Clermont-Ferrand<\/p><p>The elements thus protected are the property of SODEV - UGO TRUXLER or of third parties having authorized HEIKO to use them. As such, any reproduction, representation or use of these elements is strictly prohibited.<\/p><p><strong>Heiko<\/strong>\u00a0has opened this site for the personal information of its users. No commercial use, even partial, of the data presented herein may be made without the prior written consent of\u00a0<strong>Heiko<\/strong>.<\/p><p><strong>Heiko<\/strong>\u00a0informs the users of this site that the elements of this site :<\/p><ul><li>are protected by copyright law: these include photographs, articles, drawings, animated sequences, etc. ;<\/li><li>are protected by trademark legislation: these are the trademarks of the partners appearing on the site, and in particular the following trademarks owned by Ugo Truxler: Heiko.<\/li><\/ul><p><!-- \/wp:paragraph --><\/p><p><strong>Photo credits<\/strong><\/p><ul><li>Benjamin Gu\u00e9nault<\/li><li>R\u00e9my Pujol<\/li><li>Justine Momart<\/li><li>Sodev<\/li><\/ul><div>\u00a0<\/div><p><strong>Video credits<\/strong><\/p><ul><li>Sodev<\/li><\/ul><div>\u00a0<\/div><div>\u00a0<\/div><p><strong style=\"font-size: var( --e-global-typography-text-font-size ); color: var( --e-global-color-text ); font-family: var( --e-global-typography-text-font-family ), Sans-serif;\">Creating a link<\/strong><\/p><p>It is possible to create a link to a site without the express authorization of the publisher, on the sole condition that the link opens a new browser window. However, Sodev - Heiko reserves the right to request the removal of any link it considers to be in breach of its editorial policy.<\/p><p><strong>Published customer reviews <\/strong><\/p><p>Customer reviews come from Google Business.<\/p><p><strong>General conditions of use of the site and the services offered.<\/strong><\/p><p>Use of the heiko-poke.com website implies full acceptance of the general conditions of use described below. These conditions of use may be amended or supplemented at any time, and users of the heiko-poke.com website are therefore advised to consult them regularly.<\/p><p>This site is normally accessible to users at all times. However, its publisher may decide to interrupt the site for technical maintenance purposes. In such a case, the publisher will endeavor to inform users of the dates and times of the intervention in advance.<\/p><p>The heiko-poke.com website is regularly updated by its publisher. In the same way, the legal notices may be modified at any time: they are nevertheless binding on the user, who is invited to refer to them as often as possible in order to take cognizance of them.<\/p><p><!-- \/wp:paragraph --><\/p><p><!-- \/wp:paragraph --><\/p><p><!-- \/wp:paragraph --><\/p>\t\t\t\t\t\t\t\t<\/div>\n\t\t\t\t<\/div>\n\t\t\t\t\t<\/div>\n\t\t\t\t<\/div>\n\t\t\t\t<\/div>","protected":false},"excerpt":{"rendered":"<p>En vertu de l\u2019article 6 de la loi n\u00b0 2004-575 du 21 juin 2004 pour la confiance dans l\u2019\u00e9conomie num\u00e9rique, il est pr\u00e9cis\u00e9 aux utilisateurs du site\u00a0heiko-poke.com\u00a0l\u2019identit\u00e9 des diff\u00e9rents intervenants dans le cadre de sa r\u00e9alisation et de son suivi : Site internet edit\u00e9 par : SODEV (89274118200026) 15 rue Lafaurie Monbadon 33000 Bordeaux Agence [&hellip;]<\/p>\n","protected":false},"author":1,"featured_media":0,"parent":0,"menu_order":0,"comment_status":"closed","ping_status":"closed","template":"elementor_header_footer","meta":{"footnotes":"","_links_to":"","_links_to_target":""},"class_list":["post-678","page","type-page","status-publish","hentry"],"yoast_head":"<!-- This site is optimized with the Yoast SEO plugin v27.4 - https:\/\/yoast.com\/product\/yoast-seo-wordpress\/ -->\n<title>Mentions l\u00e9gales - Heiko Pok\u00e9<\/title>\n<meta name=\"robots\" content=\"index, follow, max-snippet:-1, max-image-preview:large, max-video-preview:-1\" \/>\n<link rel=\"canonical\" href=\"https:\/\/www.heiko-poke.com\/en\/mentions-legales\/\" \/>\n<meta property=\"og:locale\" content=\"en_US\" \/>\n<meta property=\"og:type\" content=\"article\" \/>\n<meta property=\"og:title\" content=\"Mentions l\u00e9gales - Heiko Pok\u00e9\" \/>\n<meta property=\"og:description\" content=\"En vertu de l\u2019article 6 de la loi n\u00b0 2004-575 du 21 juin 2004 pour la confiance dans l\u2019\u00e9conomie num\u00e9rique, il est pr\u00e9cis\u00e9 aux utilisateurs du site\u00a0heiko-poke.com\u00a0l\u2019identit\u00e9 des diff\u00e9rents intervenants dans le cadre de sa r\u00e9alisation et de son suivi : Site internet edit\u00e9 par : SODEV (89274118200026) 15 rue Lafaurie Monbadon 33000 Bordeaux Agence [&hellip;]\" \/>\n<meta property=\"og:url\" content=\"https:\/\/www.heiko-poke.com\/en\/mentions-legales\/\" \/>\n<meta property=\"og:site_name\" content=\"Heiko\" \/>\n<meta property=\"article:publisher\" content=\"https:\/\/www.facebook.com\/heiko.france\/\" \/>\n<meta property=\"article:modified_time\" content=\"2025-03-27T10:10:34+00:00\" \/>\n<meta property=\"og:image\" content=\"https:\/\/www.heiko-poke.com\/wp-content\/uploads\/2023\/07\/toucan_branche_flat.png\" \/>\n\t<meta property=\"og:image:width\" content=\"500\" \/>\n\t<meta property=\"og:image:height\" content=\"593\" \/>\n\t<meta property=\"og:image:type\" content=\"image\/png\" \/>\n<meta name=\"twitter:card\" content=\"summary_large_image\" \/>\n<meta name=\"twitter:label1\" content=\"Est. reading time\" \/>\n\t<meta name=\"twitter:data1\" content=\"3 minutes\" \/>\n<script type=\"application\/ld+json\" class=\"yoast-schema-graph\">{\"@context\":\"https:\\\/\\\/schema.org\",\"@graph\":[{\"@type\":\"WebPage\",\"@id\":\"https:\\\/\\\/www.heiko-poke.com\\\/mentions-legales\\\/\",\"url\":\"https:\\\/\\\/www.heiko-poke.com\\\/mentions-legales\\\/\",\"name\":\"Mentions l\u00e9gales - Heiko Pok\u00e9\",\"isPartOf\":{\"@id\":\"https:\\\/\\\/www.heiko-poke.com\\\/#website\"},\"primaryImageOfPage\":{\"@id\":\"https:\\\/\\\/www.heiko-poke.com\\\/mentions-legales\\\/#primaryimage\"},\"image\":{\"@id\":\"https:\\\/\\\/www.heiko-poke.com\\\/mentions-legales\\\/#primaryimage\"},\"thumbnailUrl\":\"https:\\\/\\\/www.heiko-poke.com\\\/wp-content\\\/uploads\\\/2023\\\/07\\\/toucan_branche_flat.png\",\"datePublished\":\"2023-07-20T08:58:41+00:00\",\"dateModified\":\"2025-03-27T10:10:34+00:00\",\"breadcrumb\":{\"@id\":\"https:\\\/\\\/www.heiko-poke.com\\\/mentions-legales\\\/#breadcrumb\"},\"inLanguage\":\"en-US\",\"potentialAction\":[{\"@type\":\"ReadAction\",\"target\":[\"https:\\\/\\\/www.heiko-poke.com\\\/mentions-legales\\\/\"]}]},{\"@type\":\"ImageObject\",\"inLanguage\":\"en-US\",\"@id\":\"https:\\\/\\\/www.heiko-poke.com\\\/mentions-legales\\\/#primaryimage\",\"url\":\"https:\\\/\\\/www.heiko-poke.com\\\/wp-content\\\/uploads\\\/2023\\\/07\\\/toucan_branche_flat.png\",\"contentUrl\":\"https:\\\/\\\/www.heiko-poke.com\\\/wp-content\\\/uploads\\\/2023\\\/07\\\/toucan_branche_flat.png\"},{\"@type\":\"BreadcrumbList\",\"@id\":\"https:\\\/\\\/www.heiko-poke.com\\\/mentions-legales\\\/#breadcrumb\",\"itemListElement\":[{\"@type\":\"ListItem\",\"position\":1,\"name\":\"Accueil\",\"item\":\"https:\\\/\\\/www.heiko-poke.com\\\/\"},{\"@type\":\"ListItem\",\"position\":2,\"name\":\"Mentions l\u00e9gales\"}]},{\"@type\":\"WebSite\",\"@id\":\"https:\\\/\\\/www.heiko-poke.com\\\/#website\",\"url\":\"https:\\\/\\\/www.heiko-poke.com\\\/\",\"name\":\"Heiko\",\"description\":\"Pok\u00e9s bowls de qualit\u00e9 - un nouveau voyage culinaire\",\"publisher\":{\"@id\":\"https:\\\/\\\/www.heiko-poke.com\\\/#organization\"},\"potentialAction\":[{\"@type\":\"SearchAction\",\"target\":{\"@type\":\"EntryPoint\",\"urlTemplate\":\"https:\\\/\\\/www.heiko-poke.com\\\/?s={search_term_string}\"},\"query-input\":{\"@type\":\"PropertyValueSpecification\",\"valueRequired\":true,\"valueName\":\"search_term_string\"}}],\"inLanguage\":\"en-US\"},{\"@type\":\"Organization\",\"@id\":\"https:\\\/\\\/www.heiko-poke.com\\\/#organization\",\"name\":\"Heiko\",\"url\":\"https:\\\/\\\/www.heiko-poke.com\\\/\",\"logo\":{\"@type\":\"ImageObject\",\"inLanguage\":\"en-US\",\"@id\":\"https:\\\/\\\/www.heiko-poke.com\\\/#\\\/schema\\\/logo\\\/image\\\/\",\"url\":\"https:\\\/\\\/www.heiko-poke.com\\\/wp-content\\\/uploads\\\/2023\\\/01\\\/Heiko-Logo-Jaune.png\",\"contentUrl\":\"https:\\\/\\\/www.heiko-poke.com\\\/wp-content\\\/uploads\\\/2023\\\/01\\\/Heiko-Logo-Jaune.png\",\"width\":6373,\"height\":2374,\"caption\":\"Heiko\"},\"image\":{\"@id\":\"https:\\\/\\\/www.heiko-poke.com\\\/#\\\/schema\\\/logo\\\/image\\\/\"},\"sameAs\":[\"https:\\\/\\\/www.facebook.com\\\/heiko.france\\\/\",\"https:\\\/\\\/www.instagram.com\\\/heiko.france\\\/?hl=fr\",\"https:\\\/\\\/www.linkedin.com\\\/company\\\/heikopokebowl\\\/?originalSubdomain=fr\"]}]}<\/script>\n<!-- \/ Yoast SEO plugin. -->","yoast_head_json":{"title":"Imprint - Heiko Pok\u00e9","robots":{"index":"index","follow":"follow","max-snippet":"max-snippet:-1","max-image-preview":"max-image-preview:large","max-video-preview":"max-video-preview:-1"},"canonical":"https:\/\/www.heiko-poke.com\/en\/mentions-legales\/","og_locale":"en_US","og_type":"article","og_title":"Mentions l\u00e9gales - Heiko Pok\u00e9","og_description":"En vertu de l\u2019article 6 de la loi n\u00b0 2004-575 du 21 juin 2004 pour la confiance dans l\u2019\u00e9conomie num\u00e9rique, il est pr\u00e9cis\u00e9 aux utilisateurs du site\u00a0heiko-poke.com\u00a0l\u2019identit\u00e9 des diff\u00e9rents intervenants dans le cadre de sa r\u00e9alisation et de son suivi : Site internet edit\u00e9 par : SODEV (89274118200026) 15 rue Lafaurie Monbadon 33000 Bordeaux Agence [&hellip;]","og_url":"https:\/\/www.heiko-poke.com\/en\/mentions-legales\/","og_site_name":"Heiko","article_publisher":"https:\/\/www.facebook.com\/heiko.france\/","article_modified_time":"2025-03-27T10:10:34+00:00","og_image":[{"width":500,"height":593,"url":"https:\/\/www.heiko-poke.com\/wp-content\/uploads\/2023\/07\/toucan_branche_flat.png","type":"image\/png"}],"twitter_card":"summary_large_image","twitter_misc":{"Est. reading time":"3 minutes"},"schema":{"@context":"https:\/\/schema.org","@graph":[{"@type":"WebPage","@id":"https:\/\/www.heiko-poke.com\/mentions-legales\/","url":"https:\/\/www.heiko-poke.com\/mentions-legales\/","name":"Imprint - Heiko Pok\u00e9","isPartOf":{"@id":"https:\/\/www.heiko-poke.com\/#website"},"primaryImageOfPage":{"@id":"https:\/\/www.heiko-poke.com\/mentions-legales\/#primaryimage"},"image":{"@id":"https:\/\/www.heiko-poke.com\/mentions-legales\/#primaryimage"},"thumbnailUrl":"https:\/\/www.heiko-poke.com\/wp-content\/uploads\/2023\/07\/toucan_branche_flat.png","datePublished":"2023-07-20T08:58:41+00:00","dateModified":"2025-03-27T10:10:34+00:00","breadcrumb":{"@id":"https:\/\/www.heiko-poke.com\/mentions-legales\/#breadcrumb"},"inLanguage":"en-US","potentialAction":[{"@type":"ReadAction","target":["https:\/\/www.heiko-poke.com\/mentions-legales\/"]}]},{"@type":"ImageObject","inLanguage":"en-US","@id":"https:\/\/www.heiko-poke.com\/mentions-legales\/#primaryimage","url":"https:\/\/www.heiko-poke.com\/wp-content\/uploads\/2023\/07\/toucan_branche_flat.png","contentUrl":"https:\/\/www.heiko-poke.com\/wp-content\/uploads\/2023\/07\/toucan_branche_flat.png"},{"@type":"BreadcrumbList","@id":"https:\/\/www.heiko-poke.com\/mentions-legales\/#breadcrumb","itemListElement":[{"@type":"ListItem","position":1,"name":"Accueil","item":"https:\/\/www.heiko-poke.com\/"},{"@type":"ListItem","position":2,"name":"Mentions l\u00e9gales"}]},{"@type":"WebSite","@id":"https:\/\/www.heiko-poke.com\/#website","url":"https:\/\/www.heiko-poke.com\/","name":"Heiko","description":"Quality pok\u00e9s bowls - a new culinary journey","publisher":{"@id":"https:\/\/www.heiko-poke.com\/#organization"},"potentialAction":[{"@type":"SearchAction","target":{"@type":"EntryPoint","urlTemplate":"https:\/\/www.heiko-poke.com\/?s={search_term_string}"},"query-input":{"@type":"PropertyValueSpecification","valueRequired":true,"valueName":"search_term_string"}}],"inLanguage":"en-US"},{"@type":"Organization","@id":"https:\/\/www.heiko-poke.com\/#organization","name":"Heiko","url":"https:\/\/www.heiko-poke.com\/","logo":{"@type":"ImageObject","inLanguage":"en-US","@id":"https:\/\/www.heiko-poke.com\/#\/schema\/logo\/image\/","url":"https:\/\/www.heiko-poke.com\/wp-content\/uploads\/2023\/01\/Heiko-Logo-Jaune.png","contentUrl":"https:\/\/www.heiko-poke.com\/wp-content\/uploads\/2023\/01\/Heiko-Logo-Jaune.png","width":6373,"height":2374,"caption":"Heiko"},"image":{"@id":"https:\/\/www.heiko-poke.com\/#\/schema\/logo\/image\/"},"sameAs":["https:\/\/www.facebook.com\/heiko.france\/","https:\/\/www.instagram.com\/heiko.france\/?hl=fr","https:\/\/www.linkedin.com\/company\/heikopokebowl\/?originalSubdomain=fr"]}]}},"_links":{"self":[{"href":"https:\/\/www.heiko-poke.com\/en\/wp-json\/wp\/v2\/pages\/678","targetHints":{"allow":["GET"]}}],"collection":[{"href":"https:\/\/www.heiko-poke.com\/en\/wp-json\/wp\/v2\/pages"}],"about":[{"href":"https:\/\/www.heiko-poke.com\/en\/wp-json\/wp\/v2\/types\/page"}],"author":[{"embeddable":true,"href":"https:\/\/www.heiko-poke.com\/en\/wp-json\/wp\/v2\/users\/1"}],"replies":[{"embeddable":true,"href":"https:\/\/www.heiko-poke.com\/en\/wp-json\/wp\/v2\/comments?post=678"}],"version-history":[{"count":5,"href":"https:\/\/www.heiko-poke.com\/en\/wp-json\/wp\/v2\/pages\/678\/revisions"}],"predecessor-version":[{"id":10184,"href":"https:\/\/www.heiko-poke.com\/en\/wp-json\/wp\/v2\/pages\/678\/revisions\/10184"}],"wp:attachment":[{"href":"https:\/\/www.heiko-poke.com\/en\/wp-json\/wp\/v2\/media?parent=678"}],"curies":[{"name":"wp","href":"https:\/\/api.w.org\/{rel}","templated":true}]}}